{"id":689,"date":"2019-09-18T12:05:01","date_gmt":"2019-09-18T12:05:01","guid":{"rendered":"https:\/\/themes.getmotopress.com\/booklium-default\/?page_id=689"},"modified":"2024-05-07T00:53:29","modified_gmt":"2024-05-06T22:53:29","slug":"activities","status":"publish","type":"page","link":"https:\/\/reservasincreibledemo.shop\/apartamento\/activities\/","title":{"rendered":"Actividades"},"content":{"rendered":"\n<div class=\"wp-block-getwid-section\" style=\"margin-bottom:50px\"><div class=\"wp-block-getwid-section__wrapper getwid-padding-top-none getwid-padding-bottom-none getwid-padding-left-none getwid-padding-right-none\"><div class=\"wp-block-getwid-section__inner-wrapper\"><div class=\"wp-block-getwid-section__background-holder\"><div class=\"wp-block-getwid-section__background\"><\/div><div class=\"wp-block-getwid-section__foreground\"><\/div><\/div><div class=\"wp-block-getwid-section__content\"><div class=\"wp-block-getwid-section__inner-content\">\n<div class=\"wp-block-getwid-video-popup is-style-rounded has-image has-animation-zoom-out has-foreground-20\"><a class=\"wp-block-getwid-video-popup__link\" href=\"https:\/\/www.youtube.com\/watch?v=yD-eB405CYQ\"><div class=\"wp-block-getwid-video-popup__wrapper\" style=\"min-height:490px\"><img loading=\"lazy\" decoding=\"async\" width=\"1350\" height=\"591\" src=\"https:\/\/reservasincreibledemo.shop\/apartamento\/wp-content\/uploads\/sites\/6\/2019\/10\/Activities-video.jpg\" alt=\"\" class=\"wp-block-getwid-video-popup__image wp-block-getwid-video-popup__source wp-image-1076\" srcset=\"https:\/\/reservasincreibledemo.shop\/apartamento\/wp-content\/uploads\/sites\/6\/2019\/10\/Activities-video.jpg 1350w, https:\/\/reservasincreibledemo.shop\/apartamento\/wp-content\/uploads\/sites\/6\/2019\/10\/Activities-video-300x131.jpg 300w, https:\/\/reservasincreibledemo.shop\/apartamento\/wp-content\/uploads\/sites\/6\/2019\/10\/Activities-video-1024x448.jpg 1024w, https:\/\/reservasincreibledemo.shop\/apartamento\/wp-content\/uploads\/sites\/6\/2019\/10\/Activities-video-768x336.jpg 768w, https:\/\/reservasincreibledemo.shop\/apartamento\/wp-content\/uploads\/sites\/6\/2019\/10\/Activities-video-892x390.jpg 892w, https:\/\/reservasincreibledemo.shop\/apartamento\/wp-content\/uploads\/sites\/6\/2019\/10\/Activities-video-600x263.jpg 600w\" sizes=\"auto, (max-width: 1350px) 100vw, 1350px\" \/><div class=\"wp-block-getwid-video-popup__button is-style-outline is-size-small\" style=\"border-color:#ffffff\"><div class=\"wp-block-getwid-video-popup__icon has-text-color has-white-color has-background has-white-background-color\" style=\"border-color:#ffffff\"><i class=\"fas fa-play\" aria-hidden=\"true\"><\/i><\/div><\/div><\/div><\/a><div class=\"wp-block-getwid-video-popup__caption\"><\/div><\/div>\n<\/div><\/div><\/div><\/div><\/div>\n\n\n\n<div class=\"wp-block-columns has-2-columns is-layout-flex wp-container-core-columns-is-layout-28f84493 wp-block-columns-is-layout-flex\">\n<div class=\"wp-block-column is-layout-flow wp-block-column-is-layout-flow\">\n<div class=\"wp-block-getwid-advanced-heading\" style=\"margin-bottom:40px\"><h2 class=\"wp-block-getwid-advanced-heading__content\">Recuerdos inolvidables logrados desde las impresionantes vistas de la ciudad.<\/h2><\/div>\n\n\n\n<div class=\"wp-block-button\"><a class=\"wp-block-button__link wp-element-button\" href=\"#\">Explore More<\/a><\/div>\n\n\n\n<div class=\"wp-block-getwid-advanced-spacer getwid-hide-desktop getwid-hide-tablet\" style=\"height:10px\" aria-hidden=\"true\"><\/div>\n<\/div>\n\n\n\n<div class=\"wp-block-column is-layout-flow wp-block-column-is-layout-flow\">\n<p>S\u00e9 parte de una hermosa naturaleza participando en cualquiera de las actividades que tenemos para proponerte. Todas las villas est\u00e1n ubicadas en lugares pintorescos, por lo que la naturaleza en cada lugar es asombrosa.<\/p>\n\n\n\n<p>Ofrecemos una amplia gama de actividades para que cada visitante pueda encontrar algo que estuvo dispuesto a probar durante tanto tiempo. Hay tours para quien se arriesga y para quien no.<\/p>\n<\/div>\n<\/div>\n\n\n\n<div style=\"height:47px\" aria-hidden=\"true\" class=\"wp-block-spacer\"><\/div>\n\n\n\n<hr class=\"wp-block-separator has-css-opacity is-style-wide\"\/>\n\n\n\n<div class=\"wp-block-getwid-advanced-heading\" style=\"margin-bottom:5px;margin-top:81px\"><h2 class=\"wp-block-getwid-advanced-heading__content\" style=\"text-align:center\">Actividades mejor valoradas<\/h2><\/div>\n\n\n\n<div class=\"wp-block-getwid-advanced-heading\" style=\"margin-bottom:40px\"><span class=\"wp-block-getwid-advanced-heading__content\" style=\"text-align:center\">Echa un vistazo m\u00e1s de cerca a nuestras actividades y decide cu\u00e1l quieres experimentar a continuaci\u00f3n.<\/span><\/div>\n\n\n\n<div class=\"wp-block-columns has-4-columns is-layout-flex wp-container-core-columns-is-layout-28f84493 wp-block-columns-is-layout-flex\">\n<div class=\"wp-block-column is-layout-flow wp-block-column-is-layout-flow\">\n<div class=\"wp-block-getwid-banner is-style-shadow-bottom has-foreground-undefined has-animation-style4 has-vertical-alignment-bottom\"><a href=\"#\" class=\"wp-block-getwid-banner__link\"><div class=\"wp-block-getwid-banner__wrapper\"><img loading=\"lazy\" decoding=\"async\" width=\"892\" height=\"1060\" src=\"https:\/\/reservasincreibledemo.shop\/apartamento\/wp-content\/uploads\/sites\/6\/2019\/10\/Helicopter-Tour.jpg\" alt=\"\" class=\"wp-block-getwid-banner__image wp-block-getwid-banner__source wp-image-1082\" srcset=\"https:\/\/reservasincreibledemo.shop\/apartamento\/wp-content\/uploads\/sites\/6\/2019\/10\/Helicopter-Tour.jpg 892w, https:\/\/reservasincreibledemo.shop\/apartamento\/wp-content\/uploads\/sites\/6\/2019\/10\/Helicopter-Tour-252x300.jpg 252w, https:\/\/reservasincreibledemo.shop\/apartamento\/wp-content\/uploads\/sites\/6\/2019\/10\/Helicopter-Tour-862x1024.jpg 862w, https:\/\/reservasincreibledemo.shop\/apartamento\/wp-content\/uploads\/sites\/6\/2019\/10\/Helicopter-Tour-768x913.jpg 768w, https:\/\/reservasincreibledemo.shop\/apartamento\/wp-content\/uploads\/sites\/6\/2019\/10\/Helicopter-Tour-600x713.jpg 600w\" sizes=\"auto, (max-width: 892px) 100vw, 892px\" \/><div class=\"wp-block-getwid-banner__caption\" style=\"min-height:315px\"><div class=\"wp-block-getwid-banner__caption-wrapper\"><span class=\"wp-block-getwid-banner__title\">Helicopter Tour<\/span><p class=\"wp-block-getwid-banner__text\">$68 per person<\/p><\/div><\/div><\/div><\/a><\/div>\n\n\n\n<div class=\"wp-block-getwid-banner is-style-shadow-bottom has-foreground-undefined has-animation-style4 has-vertical-alignment-bottom\"><a href=\"#\" class=\"wp-block-getwid-banner__link\"><div class=\"wp-block-getwid-banner__wrapper\"><img loading=\"lazy\" decoding=\"async\" width=\"892\" height=\"1060\" src=\"https:\/\/reservasincreibledemo.shop\/apartamento\/wp-content\/uploads\/sites\/6\/2019\/10\/Fashion-Week.jpg\" alt=\"\" class=\"wp-block-getwid-banner__image wp-block-getwid-banner__source wp-image-1080\" srcset=\"https:\/\/reservasincreibledemo.shop\/apartamento\/wp-content\/uploads\/sites\/6\/2019\/10\/Fashion-Week.jpg 892w, https:\/\/reservasincreibledemo.shop\/apartamento\/wp-content\/uploads\/sites\/6\/2019\/10\/Fashion-Week-252x300.jpg 252w, https:\/\/reservasincreibledemo.shop\/apartamento\/wp-content\/uploads\/sites\/6\/2019\/10\/Fashion-Week-862x1024.jpg 862w, https:\/\/reservasincreibledemo.shop\/apartamento\/wp-content\/uploads\/sites\/6\/2019\/10\/Fashion-Week-768x913.jpg 768w, https:\/\/reservasincreibledemo.shop\/apartamento\/wp-content\/uploads\/sites\/6\/2019\/10\/Fashion-Week-600x713.jpg 600w\" sizes=\"auto, (max-width: 892px) 100vw, 892px\" \/><div class=\"wp-block-getwid-banner__caption\" style=\"min-height:315px\"><div class=\"wp-block-getwid-banner__caption-wrapper\"><span class=\"wp-block-getwid-banner__title\">Fashion Week <\/span><p class=\"wp-block-getwid-banner__text\">from $65<\/p><\/div><\/div><\/div><\/a><\/div>\n<\/div>\n\n\n\n<div class=\"wp-block-column is-layout-flow wp-block-column-is-layout-flow\">\n<div class=\"wp-block-getwid-banner is-style-shadow-bottom has-foreground-undefined has-animation-style4 has-vertical-alignment-bottom\"><a href=\"#\" class=\"wp-block-getwid-banner__link\"><div class=\"wp-block-getwid-banner__wrapper\"><img loading=\"lazy\" decoding=\"async\" width=\"892\" height=\"1060\" src=\"https:\/\/reservasincreibledemo.shop\/apartamento\/wp-content\/uploads\/sites\/6\/2019\/10\/Yacht-Tours.jpg\" alt=\"\" class=\"wp-block-getwid-banner__image wp-block-getwid-banner__source wp-image-1084\" srcset=\"https:\/\/reservasincreibledemo.shop\/apartamento\/wp-content\/uploads\/sites\/6\/2019\/10\/Yacht-Tours.jpg 892w, https:\/\/reservasincreibledemo.shop\/apartamento\/wp-content\/uploads\/sites\/6\/2019\/10\/Yacht-Tours-252x300.jpg 252w, https:\/\/reservasincreibledemo.shop\/apartamento\/wp-content\/uploads\/sites\/6\/2019\/10\/Yacht-Tours-862x1024.jpg 862w, https:\/\/reservasincreibledemo.shop\/apartamento\/wp-content\/uploads\/sites\/6\/2019\/10\/Yacht-Tours-768x913.jpg 768w, https:\/\/reservasincreibledemo.shop\/apartamento\/wp-content\/uploads\/sites\/6\/2019\/10\/Yacht-Tours-600x713.jpg 600w\" sizes=\"auto, (max-width: 892px) 100vw, 892px\" \/><div class=\"wp-block-getwid-banner__caption\" style=\"min-height:315px\"><div class=\"wp-block-getwid-banner__caption-wrapper\"><span class=\"wp-block-getwid-banner__title\">Yacht Tours<\/span><p class=\"wp-block-getwid-banner__text\">from $75<\/p><\/div><\/div><\/div><\/a><\/div>\n\n\n\n<div class=\"wp-block-getwid-banner is-style-shadow-bottom has-foreground-undefined has-animation-style4 has-vertical-alignment-bottom\"><a href=\"#\" class=\"wp-block-getwid-banner__link\"><div class=\"wp-block-getwid-banner__wrapper\"><img loading=\"lazy\" decoding=\"async\" width=\"892\" height=\"1060\" src=\"https:\/\/reservasincreibledemo.shop\/apartamento\/wp-content\/uploads\/sites\/6\/2019\/10\/Food-Tours.jpg\" alt=\"\" class=\"wp-block-getwid-banner__image wp-block-getwid-banner__source wp-image-1081\" srcset=\"https:\/\/reservasincreibledemo.shop\/apartamento\/wp-content\/uploads\/sites\/6\/2019\/10\/Food-Tours.jpg 892w, https:\/\/reservasincreibledemo.shop\/apartamento\/wp-content\/uploads\/sites\/6\/2019\/10\/Food-Tours-252x300.jpg 252w, https:\/\/reservasincreibledemo.shop\/apartamento\/wp-content\/uploads\/sites\/6\/2019\/10\/Food-Tours-862x1024.jpg 862w, https:\/\/reservasincreibledemo.shop\/apartamento\/wp-content\/uploads\/sites\/6\/2019\/10\/Food-Tours-768x913.jpg 768w, https:\/\/reservasincreibledemo.shop\/apartamento\/wp-content\/uploads\/sites\/6\/2019\/10\/Food-Tours-600x713.jpg 600w\" sizes=\"auto, (max-width: 892px) 100vw, 892px\" \/><div class=\"wp-block-getwid-banner__caption\" style=\"min-height:315px\"><div class=\"wp-block-getwid-banner__caption-wrapper\"><span class=\"wp-block-getwid-banner__title\">Food Tours<\/span><p class=\"wp-block-getwid-banner__text\">from $35 per person<\/p><\/div><\/div><\/div><\/a><\/div>\n<\/div>\n\n\n\n<div class=\"wp-block-column is-layout-flow wp-block-column-is-layout-flow\">\n<div class=\"wp-block-getwid-banner is-style-shadow-bottom has-foreground-undefined has-animation-style4 has-vertical-alignment-bottom\"><a href=\"#\" class=\"wp-block-getwid-banner__link\"><div class=\"wp-block-getwid-banner__wrapper\"><img loading=\"lazy\" decoding=\"async\" width=\"892\" height=\"1060\" src=\"https:\/\/reservasincreibledemo.shop\/apartamento\/wp-content\/uploads\/sites\/6\/2019\/10\/Central-Park.jpg\" alt=\"\" class=\"wp-block-getwid-banner__image wp-block-getwid-banner__source wp-image-1078\" srcset=\"https:\/\/reservasincreibledemo.shop\/apartamento\/wp-content\/uploads\/sites\/6\/2019\/10\/Central-Park.jpg 892w, https:\/\/reservasincreibledemo.shop\/apartamento\/wp-content\/uploads\/sites\/6\/2019\/10\/Central-Park-252x300.jpg 252w, https:\/\/reservasincreibledemo.shop\/apartamento\/wp-content\/uploads\/sites\/6\/2019\/10\/Central-Park-862x1024.jpg 862w, https:\/\/reservasincreibledemo.shop\/apartamento\/wp-content\/uploads\/sites\/6\/2019\/10\/Central-Park-768x913.jpg 768w, https:\/\/reservasincreibledemo.shop\/apartamento\/wp-content\/uploads\/sites\/6\/2019\/10\/Central-Park-600x713.jpg 600w\" sizes=\"auto, (max-width: 892px) 100vw, 892px\" \/><div class=\"wp-block-getwid-banner__caption\" style=\"min-height:315px\"><div class=\"wp-block-getwid-banner__caption-wrapper\"><span class=\"wp-block-getwid-banner__title\">Morning Yoga<\/span><p class=\"wp-block-getwid-banner__text\"> $25 per person <\/p><\/div><\/div><\/div><\/a><\/div>\n\n\n\n<div class=\"wp-block-getwid-banner is-style-shadow-bottom has-foreground-undefined has-animation-style4 has-vertical-alignment-bottom\"><a href=\"#\" class=\"wp-block-getwid-banner__link\"><div class=\"wp-block-getwid-banner__wrapper\"><img loading=\"lazy\" decoding=\"async\" width=\"892\" height=\"1060\" src=\"https:\/\/reservasincreibledemo.shop\/apartamento\/wp-content\/uploads\/sites\/6\/2019\/10\/Concerts.jpg\" alt=\"\" class=\"wp-block-getwid-banner__image wp-block-getwid-banner__source wp-image-1079\" srcset=\"https:\/\/reservasincreibledemo.shop\/apartamento\/wp-content\/uploads\/sites\/6\/2019\/10\/Concerts.jpg 892w, https:\/\/reservasincreibledemo.shop\/apartamento\/wp-content\/uploads\/sites\/6\/2019\/10\/Concerts-252x300.jpg 252w, https:\/\/reservasincreibledemo.shop\/apartamento\/wp-content\/uploads\/sites\/6\/2019\/10\/Concerts-862x1024.jpg 862w, https:\/\/reservasincreibledemo.shop\/apartamento\/wp-content\/uploads\/sites\/6\/2019\/10\/Concerts-768x913.jpg 768w, https:\/\/reservasincreibledemo.shop\/apartamento\/wp-content\/uploads\/sites\/6\/2019\/10\/Concerts-600x713.jpg 600w\" sizes=\"auto, (max-width: 892px) 100vw, 892px\" \/><div class=\"wp-block-getwid-banner__caption\" style=\"min-height:315px\"><div class=\"wp-block-getwid-banner__caption-wrapper\"><span class=\"wp-block-getwid-banner__title\">Concerts<\/span><p class=\"wp-block-getwid-banner__text\">from $45<\/p><\/div><\/div><\/div><\/a><\/div>\n<\/div>\n\n\n\n<div class=\"wp-block-column is-layout-flow wp-block-column-is-layout-flow\">\n<div class=\"wp-block-getwid-banner is-style-shadow-bottom has-foreground-undefined has-animation-style4 has-vertical-alignment-bottom\"><a href=\"#\" class=\"wp-block-getwid-banner__link\"><div class=\"wp-block-getwid-banner__wrapper\"><img loading=\"lazy\" decoding=\"async\" width=\"892\" height=\"1060\" src=\"https:\/\/reservasincreibledemo.shop\/apartamento\/wp-content\/uploads\/sites\/6\/2019\/10\/Boxing-with-Fire.jpg\" alt=\"\" class=\"wp-block-getwid-banner__image wp-block-getwid-banner__source wp-image-1077\" srcset=\"https:\/\/reservasincreibledemo.shop\/apartamento\/wp-content\/uploads\/sites\/6\/2019\/10\/Boxing-with-Fire.jpg 892w, https:\/\/reservasincreibledemo.shop\/apartamento\/wp-content\/uploads\/sites\/6\/2019\/10\/Boxing-with-Fire-252x300.jpg 252w, https:\/\/reservasincreibledemo.shop\/apartamento\/wp-content\/uploads\/sites\/6\/2019\/10\/Boxing-with-Fire-862x1024.jpg 862w, https:\/\/reservasincreibledemo.shop\/apartamento\/wp-content\/uploads\/sites\/6\/2019\/10\/Boxing-with-Fire-768x913.jpg 768w, https:\/\/reservasincreibledemo.shop\/apartamento\/wp-content\/uploads\/sites\/6\/2019\/10\/Boxing-with-Fire-600x713.jpg 600w\" sizes=\"auto, (max-width: 892px) 100vw, 892px\" \/><div class=\"wp-block-getwid-banner__caption\" style=\"min-height:315px\"><div class=\"wp-block-getwid-banner__caption-wrapper\"><span class=\"wp-block-getwid-banner__title\">Martial Arts<\/span><p class=\"wp-block-getwid-banner__text\"> $50 per person <\/p><\/div><\/div><\/div><\/a><\/div>\n\n\n\n<div class=\"wp-block-getwid-banner is-style-shadow-bottom has-foreground-undefined has-animation-style4 has-vertical-alignment-bottom\"><a href=\"#\" class=\"wp-block-getwid-banner__link\"><div class=\"wp-block-getwid-banner__wrapper\"><img loading=\"lazy\" decoding=\"async\" width=\"892\" height=\"1060\" src=\"https:\/\/reservasincreibledemo.shop\/apartamento\/wp-content\/uploads\/sites\/6\/2019\/10\/History-Walk.jpg\" alt=\"\" class=\"wp-block-getwid-banner__image wp-block-getwid-banner__source wp-image-1083\" srcset=\"https:\/\/reservasincreibledemo.shop\/apartamento\/wp-content\/uploads\/sites\/6\/2019\/10\/History-Walk.jpg 892w, https:\/\/reservasincreibledemo.shop\/apartamento\/wp-content\/uploads\/sites\/6\/2019\/10\/History-Walk-252x300.jpg 252w, https:\/\/reservasincreibledemo.shop\/apartamento\/wp-content\/uploads\/sites\/6\/2019\/10\/History-Walk-862x1024.jpg 862w, https:\/\/reservasincreibledemo.shop\/apartamento\/wp-content\/uploads\/sites\/6\/2019\/10\/History-Walk-768x913.jpg 768w, https:\/\/reservasincreibledemo.shop\/apartamento\/wp-content\/uploads\/sites\/6\/2019\/10\/History-Walk-600x713.jpg 600w\" sizes=\"auto, (max-width: 892px) 100vw, 892px\" \/><div class=\"wp-block-getwid-banner__caption\" style=\"min-height:315px\"><div class=\"wp-block-getwid-banner__caption-wrapper\"><span class=\"wp-block-getwid-banner__title\">Bike Ride<\/span><p class=\"wp-block-getwid-banner__text\"> $20 per person <\/p><\/div><\/div><\/div><\/a><\/div>\n<\/div>\n<\/div>\n\n\n\n<div style=\"height:50px\" aria-hidden=\"true\" class=\"wp-block-spacer\"><\/div>\n\n\n\n<div class=\"wp-block-columns has-2-columns is-layout-flex wp-container-core-columns-is-layout-28f84493 wp-block-columns-is-layout-flex\">\n<div class=\"wp-block-column is-layout-flow wp-block-column-is-layout-flow\">\n<div class=\"wp-block-getwid-section is-style-with-big-shadow is-style-fit-parent\"><div class=\"wp-block-getwid-section__wrapper getwid-padding-top-medium getwid-padding-bottom-medium getwid-padding-left-medium getwid-padding-right-medium getwid-align-items-flex-start\"><div class=\"wp-block-getwid-section__inner-wrapper\"><div class=\"wp-block-getwid-section__background-holder\"><div class=\"wp-block-getwid-section__background has-background has-white-background-color\"><\/div><div class=\"wp-block-getwid-section__foreground\"><\/div><\/div><div class=\"wp-block-getwid-section__content\"><div class=\"wp-block-getwid-section__inner-content\">\n<div class=\"wp-block-getwid-image-box has-image-left has-text-left has-mobile-layout-default has-mobile-alignment-default\"><div class=\"wp-block-getwid-image-box__image-container is-position-middle\"><div class=\"wp-block-getwid-image-box__image-wrapper\"><img loading=\"lazy\" decoding=\"async\" width=\"66\" height=\"64\" src=\"https:\/\/reservasincreibledemo.shop\/apartamento\/wp-content\/uploads\/sites\/6\/2019\/10\/trustsafety1.png\" alt=\"\" class=\"wp-block-getwid-image-box__image wp-image-1124\"\/><\/div><\/div><div class=\"wp-block-getwid-image-box__content\">\n<h4 class=\"wp-block-heading\">Money Back Guarantee<\/h4>\n\n\n\n<p class=\"has-small-font-size\">Provided you refuse to take a reserved tour, take your money back.<\/p>\n<\/div><\/div>\n<\/div><\/div><\/div><\/div><\/div>\n<\/div>\n\n\n\n<div class=\"wp-block-column is-layout-flow wp-block-column-is-layout-flow\">\n<div class=\"wp-block-getwid-section is-style-with-big-shadow is-style-fit-parent\"><div class=\"wp-block-getwid-section__wrapper getwid-padding-top-medium getwid-padding-bottom-medium getwid-padding-left-medium getwid-padding-right-medium getwid-align-items-flex-start\"><div class=\"wp-block-getwid-section__inner-wrapper\"><div class=\"wp-block-getwid-section__background-holder\"><div class=\"wp-block-getwid-section__background has-background has-white-background-color\"><\/div><div class=\"wp-block-getwid-section__foreground\"><\/div><\/div><div class=\"wp-block-getwid-section__content\"><div class=\"wp-block-getwid-section__inner-content\">\n<div class=\"wp-block-getwid-image-box has-image-left has-text-left has-mobile-layout-default has-mobile-alignment-default\"><div class=\"wp-block-getwid-image-box__image-container is-position-middle\"><div class=\"wp-block-getwid-image-box__image-wrapper\"><img loading=\"lazy\" decoding=\"async\" width=\"64\" height=\"64\" src=\"https:\/\/reservasincreibledemo.shop\/apartamento\/wp-content\/uploads\/sites\/6\/2019\/10\/warranty-and-return.png\" alt=\"\" class=\"wp-block-getwid-image-box__image wp-image-1134\"\/><\/div><\/div><div class=\"wp-block-getwid-image-box__content\">\n<h4 class=\"wp-block-heading\">Warranty and Return<\/h4>\n\n\n\n<p class=\"has-small-font-size\">Your luggage will be safely stored by us under the strictest control.<\/p>\n<\/div><\/div>\n<\/div><\/div><\/div><\/div><\/div>\n<\/div>\n<\/div>\n","protected":false},"excerpt":{"rendered":"<p>From secluded speakeasies to desert drives, learn new skills and immerse yourself in local culture. Every experience is vetted for quality, and you don\u2019t need to book a home to take one.<\/p>\n","protected":false},"author":1,"featured_media":0,"parent":0,"menu_order":0,"comment_status":"closed","ping_status":"closed","template":"template-wide-page.php","meta":{"inline_featured_image":false,"footnotes":""},"class_list":["post-689","page","type-page","status-publish","hentry"],"_links":{"self":[{"href":"https:\/\/reservasincreibledemo.shop\/apartamento\/wp-json\/wp\/v2\/pages\/689","targetHints":{"allow":["GET"]}}],"collection":[{"href":"https:\/\/reservasincreibledemo.shop\/apartamento\/wp-json\/wp\/v2\/pages"}],"about":[{"href":"https:\/\/reservasincreibledemo.shop\/apartamento\/wp-json\/wp\/v2\/types\/page"}],"author":[{"embeddable":true,"href":"https:\/\/reservasincreibledemo.shop\/apartamento\/wp-json\/wp\/v2\/users\/1"}],"replies":[{"embeddable":true,"href":"https:\/\/reservasincreibledemo.shop\/apartamento\/wp-json\/wp\/v2\/comments?post=689"}],"version-history":[{"count":2,"href":"https:\/\/reservasincreibledemo.shop\/apartamento\/wp-json\/wp\/v2\/pages\/689\/revisions"}],"predecessor-version":[{"id":1500,"href":"https:\/\/reservasincreibledemo.shop\/apartamento\/wp-json\/wp\/v2\/pages\/689\/revisions\/1500"}],"wp:attachment":[{"href":"https:\/\/reservasincreibledemo.shop\/apartamento\/wp-json\/wp\/v2\/media?parent=689"}],"curies":[{"name":"wp","href":"https:\/\/api.w.org\/{rel}","templated":true}]}}