{"id":554,"date":"2019-09-17T11:28:45","date_gmt":"2019-09-17T11:28:45","guid":{"rendered":"https:\/\/themes.getmotopress.com\/booklium-default\/?page_id=554"},"modified":"2024-04-21T23:30:17","modified_gmt":"2024-04-21T21:30:17","slug":"amenities","status":"publish","type":"page","link":"https:\/\/reservasincreibledemo.shop\/booking\/amenities\/","title":{"rendered":"Instalaciones o servicios"},"content":{"rendered":"\n<div class=\"wp-block-getwid-section getwid-margin-top-none getwid-section-content-custom-width\"><div class=\"wp-block-getwid-section__wrapper getwid-padding-left-none getwid-padding-right-none\" style=\"padding-top:30px;padding-bottom:20px\"><div class=\"wp-block-getwid-section__inner-wrapper\" style=\"max-width:892px\"><div class=\"wp-block-getwid-section__background-holder\"><div class=\"wp-block-getwid-section__background\"><\/div><div class=\"wp-block-getwid-section__foreground\"><\/div><\/div><div class=\"wp-block-getwid-section__content\"><div class=\"wp-block-getwid-section__inner-content\">\n<div class=\"wp-block-getwid-advanced-heading\" style=\"margin-bottom:10px\"><h4 class=\"wp-block-getwid-advanced-heading__content\" style=\"text-align:center\">Aprovecha todas nuestras comodidades y servicios.<\/h4><\/div>\n\n\n\n<p class=\"has-text-align-center\" style=\"font-size:14px\">Hay una enorme piscina con una gran vista desde ella en cada casa. Cuidamos de tu salud, por lo que todas las piscinas se limpian diariamente por nuestro personal profesional en horarios preferibles para ti. Podemos decorarla con p\u00e9talos de rosa para tu velada rom\u00e1ntica. Podemos decorarla con p\u00e9talos de rosa para tu velada rom\u00e1ntica.<\/p>\n<\/div><\/div><\/div><\/div><\/div>\n\n\n\n<div class=\"wp-block-columns has-2-columns is-layout-flex wp-container-core-columns-is-layout-28f84493 wp-block-columns-is-layout-flex\">\n<div class=\"wp-block-column is-layout-flow wp-block-column-is-layout-flow\">\n<div class=\"wp-block-getwid-section is-style-with-shadow\"><div class=\"wp-block-getwid-section__wrapper getwid-padding-top-medium getwid-padding-bottom-medium getwid-padding-left-medium getwid-padding-right-medium\"><div class=\"wp-block-getwid-section__inner-wrapper\"><div class=\"wp-block-getwid-section__background-holder\"><div class=\"wp-block-getwid-section__background has-background has-white-background-color\"><\/div><div class=\"wp-block-getwid-section__foreground\"><\/div><\/div><div class=\"wp-block-getwid-section__content\"><div class=\"wp-block-getwid-section__inner-content\">\n<div class=\"wp-block-getwid-image-box has-image-left has-text-left has-mobile-layout-column has-mobile-alignment-center\"><div class=\"wp-block-getwid-image-box__image-container is-position-middle\"><div class=\"wp-block-getwid-image-box__image-wrapper\"><img loading=\"lazy\" decoding=\"async\" width=\"892\" height=\"892\" src=\"https:\/\/reservasincreibledemo.shop\/booking\/wp-content\/uploads\/sites\/5\/2019\/09\/swimming-pool.jpg\" alt=\"\" class=\"wp-block-getwid-image-box__image wp-image-557\" srcset=\"https:\/\/reservasincreibledemo.shop\/booking\/wp-content\/uploads\/sites\/5\/2019\/09\/swimming-pool.jpg 892w, https:\/\/reservasincreibledemo.shop\/booking\/wp-content\/uploads\/sites\/5\/2019\/09\/swimming-pool-300x300.jpg 300w, https:\/\/reservasincreibledemo.shop\/booking\/wp-content\/uploads\/sites\/5\/2019\/09\/swimming-pool-150x150.jpg 150w, https:\/\/reservasincreibledemo.shop\/booking\/wp-content\/uploads\/sites\/5\/2019\/09\/swimming-pool-768x768.jpg 768w, https:\/\/reservasincreibledemo.shop\/booking\/wp-content\/uploads\/sites\/5\/2019\/09\/swimming-pool-600x600.jpg 600w, https:\/\/reservasincreibledemo.shop\/booking\/wp-content\/uploads\/sites\/5\/2019\/09\/swimming-pool-100x100.jpg 100w\" sizes=\"auto, (max-width: 892px) 100vw, 892px\" \/><\/div><\/div><div class=\"wp-block-getwid-image-box__content\">\n<div class=\"wp-block-getwid-advanced-heading\" style=\"margin-bottom:15px\"><h4 class=\"wp-block-getwid-advanced-heading__content\">Piscina<\/h4><\/div>\n\n\n\n<p style=\"font-size:14px\">La enorme piscina de 15 metros es ideal para sentarse y disfrutar de la inmensidad del oc\u00e9ano azul.<\/p>\n\n\n\n<div class=\"wp-block-getwid-advanced-heading has-custom-font-size\" style=\"font-size:14px\"><h5 class=\"wp-block-getwid-advanced-heading__content has-text-color has-light-sea-green-color\"><a href=\"#\">Leer m\u00e1s<\/a><\/h5><\/div>\n<\/div><\/div>\n<\/div><\/div><\/div><\/div><\/div>\n\n\n\n<div class=\"wp-block-getwid-section is-style-with-shadow\"><div class=\"wp-block-getwid-section__wrapper getwid-padding-top-medium getwid-padding-bottom-medium getwid-padding-left-medium getwid-padding-right-medium\"><div class=\"wp-block-getwid-section__inner-wrapper\"><div class=\"wp-block-getwid-section__background-holder\"><div class=\"wp-block-getwid-section__background has-background has-white-background-color\"><\/div><div class=\"wp-block-getwid-section__foreground\"><\/div><\/div><div class=\"wp-block-getwid-section__content\"><div class=\"wp-block-getwid-section__inner-content\">\n<div class=\"wp-block-getwid-image-box has-image-left has-text-left has-mobile-layout-column has-mobile-alignment-center\"><div class=\"wp-block-getwid-image-box__image-container is-position-middle\"><div class=\"wp-block-getwid-image-box__image-wrapper\"><img loading=\"lazy\" decoding=\"async\" width=\"892\" height=\"892\" src=\"https:\/\/reservasincreibledemo.shop\/booking\/wp-content\/uploads\/sites\/5\/2019\/09\/conference-room.jpg\" alt=\"\" class=\"wp-block-getwid-image-box__image wp-image-560\" srcset=\"https:\/\/reservasincreibledemo.shop\/booking\/wp-content\/uploads\/sites\/5\/2019\/09\/conference-room.jpg 892w, https:\/\/reservasincreibledemo.shop\/booking\/wp-content\/uploads\/sites\/5\/2019\/09\/conference-room-300x300.jpg 300w, https:\/\/reservasincreibledemo.shop\/booking\/wp-content\/uploads\/sites\/5\/2019\/09\/conference-room-150x150.jpg 150w, https:\/\/reservasincreibledemo.shop\/booking\/wp-content\/uploads\/sites\/5\/2019\/09\/conference-room-768x768.jpg 768w, https:\/\/reservasincreibledemo.shop\/booking\/wp-content\/uploads\/sites\/5\/2019\/09\/conference-room-600x600.jpg 600w, https:\/\/reservasincreibledemo.shop\/booking\/wp-content\/uploads\/sites\/5\/2019\/09\/conference-room-100x100.jpg 100w\" sizes=\"auto, (max-width: 892px) 100vw, 892px\" \/><\/div><\/div><div class=\"wp-block-getwid-image-box__content\">\n<div class=\"wp-block-getwid-advanced-heading\" style=\"margin-bottom:15px\"><h4 class=\"wp-block-getwid-advanced-heading__content\">Sala de reuniones<\/h4><\/div>\n\n\n\n<p style=\"font-size:14px\">La sala de reuniones est\u00e1 completamente equipada para que tus reuniones sean c\u00f3modas y sin inconvenientes.<\/p>\n\n\n\n<div class=\"wp-block-getwid-advanced-heading has-custom-font-size\" style=\"font-size:14px\"><h5 class=\"wp-block-getwid-advanced-heading__content has-text-color has-light-sea-green-color\"><a href=\"#\">Leer m\u00e1s<\/a><\/h5><\/div>\n<\/div><\/div>\n<\/div><\/div><\/div><\/div><\/div>\n<\/div>\n\n\n\n<div class=\"wp-block-column is-layout-flow wp-block-column-is-layout-flow\">\n<div class=\"wp-block-getwid-section is-style-with-shadow\"><div class=\"wp-block-getwid-section__wrapper getwid-padding-top-medium getwid-padding-bottom-medium getwid-padding-left-medium getwid-padding-right-medium\"><div class=\"wp-block-getwid-section__inner-wrapper\"><div class=\"wp-block-getwid-section__background-holder\"><div class=\"wp-block-getwid-section__background has-background has-white-background-color\"><\/div><div class=\"wp-block-getwid-section__foreground\"><\/div><\/div><div class=\"wp-block-getwid-section__content\"><div class=\"wp-block-getwid-section__inner-content\">\n<div class=\"wp-block-getwid-image-box has-image-left has-text-left has-mobile-layout-column has-mobile-alignment-center\"><div class=\"wp-block-getwid-image-box__image-container is-position-middle\"><div class=\"wp-block-getwid-image-box__image-wrapper\"><img loading=\"lazy\" decoding=\"async\" width=\"1600\" height=\"1600\" src=\"https:\/\/reservasincreibledemo.shop\/booking\/wp-content\/uploads\/sites\/5\/2019\/09\/our-restaurant.jpg\" alt=\"\" class=\"wp-block-getwid-image-box__image wp-image-558\" srcset=\"https:\/\/reservasincreibledemo.shop\/booking\/wp-content\/uploads\/sites\/5\/2019\/09\/our-restaurant.jpg 1600w, https:\/\/reservasincreibledemo.shop\/booking\/wp-content\/uploads\/sites\/5\/2019\/09\/our-restaurant-300x300.jpg 300w, https:\/\/reservasincreibledemo.shop\/booking\/wp-content\/uploads\/sites\/5\/2019\/09\/our-restaurant-1024x1024.jpg 1024w, https:\/\/reservasincreibledemo.shop\/booking\/wp-content\/uploads\/sites\/5\/2019\/09\/our-restaurant-150x150.jpg 150w, https:\/\/reservasincreibledemo.shop\/booking\/wp-content\/uploads\/sites\/5\/2019\/09\/our-restaurant-768x768.jpg 768w, https:\/\/reservasincreibledemo.shop\/booking\/wp-content\/uploads\/sites\/5\/2019\/09\/our-restaurant-1536x1536.jpg 1536w, https:\/\/reservasincreibledemo.shop\/booking\/wp-content\/uploads\/sites\/5\/2019\/09\/our-restaurant-892x892.jpg 892w, https:\/\/reservasincreibledemo.shop\/booking\/wp-content\/uploads\/sites\/5\/2019\/09\/our-restaurant-1350x1350.jpg 1350w, https:\/\/reservasincreibledemo.shop\/booking\/wp-content\/uploads\/sites\/5\/2019\/09\/our-restaurant-600x600.jpg 600w, https:\/\/reservasincreibledemo.shop\/booking\/wp-content\/uploads\/sites\/5\/2019\/09\/our-restaurant-100x100.jpg 100w\" sizes=\"auto, (max-width: 1600px) 100vw, 1600px\" \/><\/div><\/div><div class=\"wp-block-getwid-image-box__content\">\n<div class=\"wp-block-getwid-advanced-heading\" style=\"margin-bottom:15px\"><h4 class=\"wp-block-getwid-advanced-heading__content\">Nuestro restaurante<\/h4><\/div>\n\n\n\n<p style=\"font-size:14px\">Servimos deliciosa comida de la cocina local elaborada solo con ingredientes naturales y frescos.<\/p>\n\n\n\n<div class=\"wp-block-getwid-advanced-heading has-custom-font-size\" style=\"font-size:14px\"><h5 class=\"wp-block-getwid-advanced-heading__content has-text-color has-light-sea-green-color\"><a href=\"#\">Leer m\u00e1s<\/a><\/h5><\/div>\n<\/div><\/div>\n<\/div><\/div><\/div><\/div><\/div>\n\n\n\n<div class=\"wp-block-getwid-section is-style-with-shadow\"><div class=\"wp-block-getwid-section__wrapper getwid-padding-top-medium getwid-padding-bottom-medium getwid-padding-left-medium getwid-padding-right-medium\"><div class=\"wp-block-getwid-section__inner-wrapper\"><div class=\"wp-block-getwid-section__background-holder\"><div class=\"wp-block-getwid-section__background has-background has-white-background-color\"><\/div><div class=\"wp-block-getwid-section__foreground\"><\/div><\/div><div class=\"wp-block-getwid-section__content\"><div class=\"wp-block-getwid-section__inner-content\">\n<div class=\"wp-block-getwid-image-box has-image-left has-text-left has-mobile-layout-column has-mobile-alignment-center\"><div class=\"wp-block-getwid-image-box__image-container is-position-middle\"><div class=\"wp-block-getwid-image-box__image-wrapper\"><img loading=\"lazy\" decoding=\"async\" width=\"892\" height=\"892\" src=\"https:\/\/reservasincreibledemo.shop\/booking\/wp-content\/uploads\/sites\/5\/2019\/09\/grilling-and-picnic-areas.jpg\" alt=\"\" class=\"wp-block-getwid-image-box__image wp-image-559\" srcset=\"https:\/\/reservasincreibledemo.shop\/booking\/wp-content\/uploads\/sites\/5\/2019\/09\/grilling-and-picnic-areas.jpg 892w, https:\/\/reservasincreibledemo.shop\/booking\/wp-content\/uploads\/sites\/5\/2019\/09\/grilling-and-picnic-areas-300x300.jpg 300w, https:\/\/reservasincreibledemo.shop\/booking\/wp-content\/uploads\/sites\/5\/2019\/09\/grilling-and-picnic-areas-150x150.jpg 150w, https:\/\/reservasincreibledemo.shop\/booking\/wp-content\/uploads\/sites\/5\/2019\/09\/grilling-and-picnic-areas-768x768.jpg 768w, https:\/\/reservasincreibledemo.shop\/booking\/wp-content\/uploads\/sites\/5\/2019\/09\/grilling-and-picnic-areas-600x600.jpg 600w, https:\/\/reservasincreibledemo.shop\/booking\/wp-content\/uploads\/sites\/5\/2019\/09\/grilling-and-picnic-areas-100x100.jpg 100w\" sizes=\"auto, (max-width: 892px) 100vw, 892px\" \/><\/div><\/div><div class=\"wp-block-getwid-image-box__content\">\n<div class=\"wp-block-getwid-advanced-heading\" style=\"margin-bottom:15px\"><h4 class=\"wp-block-getwid-advanced-heading__content\">Gym<\/h4><\/div>\n\n\n\n<p style=\"font-size:14px\">Un gimnasio enorme con varios simuladores \u00fatiles para mantenerte en forma incluso durante las vacaciones.<\/p>\n\n\n\n<div class=\"wp-block-getwid-advanced-heading has-custom-font-size\" style=\"font-size:14px\"><h5 class=\"wp-block-getwid-advanced-heading__content has-text-color has-light-sea-green-color\"><a href=\"#\">Leer m\u00e1s<\/a><\/h5><\/div>\n<\/div><\/div>\n<\/div><\/div><\/div><\/div><\/div>\n<\/div>\n<\/div>\n\n\n\n<div style=\"height:52px\" aria-hidden=\"true\" class=\"wp-block-spacer\"><\/div>\n\n\n\n<hr class=\"wp-block-separator has-css-opacity is-style-wide\"\/>\n\n\n\n<div style=\"height:32px\" aria-hidden=\"true\" class=\"wp-block-spacer\"><\/div>\n\n\n\n<div class=\"wp-block-getwid-advanced-heading\" style=\"margin-bottom:5px\"><h2 class=\"wp-block-getwid-advanced-heading__content\" style=\"text-align:center\">Especiales y Servicios<\/h2><\/div>\n\n\n\n<div class=\"wp-block-getwid-advanced-heading\" style=\"margin-bottom:50px\"><span class=\"wp-block-getwid-advanced-heading__content\" style=\"text-align:center\">Despu\u00e9s de reservar cualquier villa, un gerente de viaje se pone en contacto contigo y organiza cualquiera de los servicios enumerados.<\/span><\/div>\n\n\n\n<div class=\"wp-block-columns has-4-columns is-layout-flex wp-container-core-columns-is-layout-28f84493 wp-block-columns-is-layout-flex\">\n<div class=\"wp-block-column is-layout-flow wp-block-column-is-layout-flow\">\n<div class=\"wp-block-getwid-banner is-style-shadow-bottom has-foreground-undefined has-animation-style4 has-vertical-alignment-bottom\"><a href=\"#\" class=\"wp-block-getwid-banner__link\"><div class=\"wp-block-getwid-banner__wrapper\"><img loading=\"lazy\" decoding=\"async\" width=\"892\" height=\"1060\" src=\"https:\/\/reservasincreibledemo.shop\/booking\/wp-content\/uploads\/sites\/5\/2019\/09\/specials-1.jpg\" alt=\"\" class=\"wp-block-getwid-banner__image wp-block-getwid-banner__source wp-image-566\" srcset=\"https:\/\/reservasincreibledemo.shop\/booking\/wp-content\/uploads\/sites\/5\/2019\/09\/specials-1.jpg 892w, https:\/\/reservasincreibledemo.shop\/booking\/wp-content\/uploads\/sites\/5\/2019\/09\/specials-1-252x300.jpg 252w, https:\/\/reservasincreibledemo.shop\/booking\/wp-content\/uploads\/sites\/5\/2019\/09\/specials-1-862x1024.jpg 862w, https:\/\/reservasincreibledemo.shop\/booking\/wp-content\/uploads\/sites\/5\/2019\/09\/specials-1-768x913.jpg 768w, https:\/\/reservasincreibledemo.shop\/booking\/wp-content\/uploads\/sites\/5\/2019\/09\/specials-1-600x713.jpg 600w\" sizes=\"auto, (max-width: 892px) 100vw, 892px\" \/><div class=\"wp-block-getwid-banner__caption\" style=\"min-height:315px\"><div class=\"wp-block-getwid-banner__caption-wrapper\"><span class=\"wp-block-getwid-banner__title\">Up to 15% off<\/span><p class=\"wp-block-getwid-banner__text\">Resort Senior Discount<\/p><\/div><\/div><\/div><\/a><\/div>\n<\/div>\n\n\n\n<div class=\"wp-block-column is-layout-flow wp-block-column-is-layout-flow\">\n<div class=\"wp-block-getwid-banner is-style-shadow-bottom has-foreground-undefined has-animation-style4 has-vertical-alignment-bottom\"><a href=\"#\" class=\"wp-block-getwid-banner__link\"><div class=\"wp-block-getwid-banner__wrapper\"><img loading=\"lazy\" decoding=\"async\" width=\"892\" height=\"1060\" src=\"https:\/\/reservasincreibledemo.shop\/booking\/wp-content\/uploads\/sites\/5\/2019\/09\/specials-3.jpg\" alt=\"\" class=\"wp-block-getwid-banner__image wp-block-getwid-banner__source wp-image-568\" srcset=\"https:\/\/reservasincreibledemo.shop\/booking\/wp-content\/uploads\/sites\/5\/2019\/09\/specials-3.jpg 892w, https:\/\/reservasincreibledemo.shop\/booking\/wp-content\/uploads\/sites\/5\/2019\/09\/specials-3-252x300.jpg 252w, https:\/\/reservasincreibledemo.shop\/booking\/wp-content\/uploads\/sites\/5\/2019\/09\/specials-3-862x1024.jpg 862w, https:\/\/reservasincreibledemo.shop\/booking\/wp-content\/uploads\/sites\/5\/2019\/09\/specials-3-768x913.jpg 768w, https:\/\/reservasincreibledemo.shop\/booking\/wp-content\/uploads\/sites\/5\/2019\/09\/specials-3-600x713.jpg 600w\" sizes=\"auto, (max-width: 892px) 100vw, 892px\" \/><div class=\"wp-block-getwid-banner__caption\" style=\"min-height:315px\"><div class=\"wp-block-getwid-banner__caption-wrapper\"><span class=\"wp-block-getwid-banner__title\">Monday Special<\/span><p class=\"wp-block-getwid-banner__text\">10$ off on Mondays<\/p><\/div><\/div><\/div><\/a><\/div>\n<\/div>\n\n\n\n<div class=\"wp-block-column is-layout-flow wp-block-column-is-layout-flow\">\n<div class=\"wp-block-getwid-banner is-style-shadow-bottom has-foreground-undefined has-animation-style4 has-vertical-alignment-bottom\"><a href=\"#\" class=\"wp-block-getwid-banner__link\"><div class=\"wp-block-getwid-banner__wrapper\"><img loading=\"lazy\" decoding=\"async\" width=\"892\" height=\"1060\" src=\"https:\/\/reservasincreibledemo.shop\/booking\/wp-content\/uploads\/sites\/5\/2019\/09\/specials-2.jpg\" alt=\"\" class=\"wp-block-getwid-banner__image wp-block-getwid-banner__source wp-image-567\" srcset=\"https:\/\/reservasincreibledemo.shop\/booking\/wp-content\/uploads\/sites\/5\/2019\/09\/specials-2.jpg 892w, https:\/\/reservasincreibledemo.shop\/booking\/wp-content\/uploads\/sites\/5\/2019\/09\/specials-2-252x300.jpg 252w, https:\/\/reservasincreibledemo.shop\/booking\/wp-content\/uploads\/sites\/5\/2019\/09\/specials-2-862x1024.jpg 862w, https:\/\/reservasincreibledemo.shop\/booking\/wp-content\/uploads\/sites\/5\/2019\/09\/specials-2-768x913.jpg 768w, https:\/\/reservasincreibledemo.shop\/booking\/wp-content\/uploads\/sites\/5\/2019\/09\/specials-2-600x713.jpg 600w\" sizes=\"auto, (max-width: 892px) 100vw, 892px\" \/><div class=\"wp-block-getwid-banner__caption\" style=\"min-height:315px\"><div class=\"wp-block-getwid-banner__caption-wrapper\"><span class=\"wp-block-getwid-banner__title\">Spa Therapy<\/span><p class=\"wp-block-getwid-banner__text\">Let your body relax<\/p><\/div><\/div><\/div><\/a><\/div>\n<\/div>\n\n\n\n<div class=\"wp-block-column is-layout-flow wp-block-column-is-layout-flow\">\n<div class=\"wp-block-getwid-banner is-style-shadow-bottom has-foreground-undefined has-animation-style4 has-vertical-alignment-bottom\"><a href=\"#\" class=\"wp-block-getwid-banner__link\"><div class=\"wp-block-getwid-banner__wrapper\"><img loading=\"lazy\" decoding=\"async\" width=\"892\" height=\"1060\" src=\"https:\/\/reservasincreibledemo.shop\/booking\/wp-content\/uploads\/sites\/5\/2019\/09\/specials-4.jpg\" alt=\"\" class=\"wp-block-getwid-banner__image wp-block-getwid-banner__source wp-image-569\" srcset=\"https:\/\/reservasincreibledemo.shop\/booking\/wp-content\/uploads\/sites\/5\/2019\/09\/specials-4.jpg 892w, https:\/\/reservasincreibledemo.shop\/booking\/wp-content\/uploads\/sites\/5\/2019\/09\/specials-4-252x300.jpg 252w, https:\/\/reservasincreibledemo.shop\/booking\/wp-content\/uploads\/sites\/5\/2019\/09\/specials-4-862x1024.jpg 862w, https:\/\/reservasincreibledemo.shop\/booking\/wp-content\/uploads\/sites\/5\/2019\/09\/specials-4-768x913.jpg 768w, https:\/\/reservasincreibledemo.shop\/booking\/wp-content\/uploads\/sites\/5\/2019\/09\/specials-4-600x713.jpg 600w\" sizes=\"auto, (max-width: 892px) 100vw, 892px\" \/><div class=\"wp-block-getwid-banner__caption\" style=\"min-height:315px\"><div class=\"wp-block-getwid-banner__caption-wrapper\"><span class=\"wp-block-getwid-banner__title\">The 7th Night <\/span><p class=\"wp-block-getwid-banner__text\">Savings on 7+ Nights<\/p><\/div><\/div><\/div><\/a><\/div>\n<\/div>\n<\/div>\n","protected":false},"excerpt":{"rendered":"<p>Each villa we propose has one-of-a-king design with exceptional and modern furniture, so that your rest stays full of relax and pleasant unforgettable emotions. <\/p>\n","protected":false},"author":1,"featured_media":556,"parent":0,"menu_order":0,"comment_status":"closed","ping_status":"closed","template":"template-wide-page.php","meta":{"inline_featured_image":false,"footnotes":""},"class_list":["post-554","page","type-page","status-publish","has-post-thumbnail","hentry"],"_links":{"self":[{"href":"https:\/\/reservasincreibledemo.shop\/booking\/wp-json\/wp\/v2\/pages\/554","targetHints":{"allow":["GET"]}}],"collection":[{"href":"https:\/\/reservasincreibledemo.shop\/booking\/wp-json\/wp\/v2\/pages"}],"about":[{"href":"https:\/\/reservasincreibledemo.shop\/booking\/wp-json\/wp\/v2\/types\/page"}],"author":[{"embeddable":true,"href":"https:\/\/reservasincreibledemo.shop\/booking\/wp-json\/wp\/v2\/users\/1"}],"replies":[{"embeddable":true,"href":"https:\/\/reservasincreibledemo.shop\/booking\/wp-json\/wp\/v2\/comments?post=554"}],"version-history":[{"count":2,"href":"https:\/\/reservasincreibledemo.shop\/booking\/wp-json\/wp\/v2\/pages\/554\/revisions"}],"predecessor-version":[{"id":1217,"href":"https:\/\/reservasincreibledemo.shop\/booking\/wp-json\/wp\/v2\/pages\/554\/revisions\/1217"}],"wp:featuredmedia":[{"embeddable":true,"href":"https:\/\/reservasincreibledemo.shop\/booking\/wp-json\/wp\/v2\/media\/556"}],"wp:attachment":[{"href":"https:\/\/reservasincreibledemo.shop\/booking\/wp-json\/wp\/v2\/media?parent=554"}],"curies":[{"name":"wp","href":"https:\/\/api.w.org\/{rel}","templated":true}]}}