{"id":689,"date":"2019-09-18T12:05:01","date_gmt":"2019-09-18T12:05:01","guid":{"rendered":"https:\/\/themes.getmotopress.com\/booklium-default\/?page_id=689"},"modified":"2024-04-21T23:27:51","modified_gmt":"2024-04-21T21:27:51","slug":"activities","status":"publish","type":"page","link":"https:\/\/reservasincreibledemo.shop\/booking\/activities\/","title":{"rendered":"Actividades"},"content":{"rendered":"\n<div class=\"wp-block-getwid-section\" style=\"margin-bottom:50px\"><div class=\"wp-block-getwid-section__wrapper getwid-padding-top-none getwid-padding-bottom-none getwid-padding-left-none getwid-padding-right-none\"><div class=\"wp-block-getwid-section__inner-wrapper\"><div class=\"wp-block-getwid-section__background-holder\"><div class=\"wp-block-getwid-section__background\"><\/div><div class=\"wp-block-getwid-section__foreground\"><\/div><\/div><div class=\"wp-block-getwid-section__content\"><div class=\"wp-block-getwid-section__inner-content\">\n<div class=\"wp-block-getwid-video-popup is-style-rounded has-image has-animation-zoom-out has-foreground-20\"><a class=\"wp-block-getwid-video-popup__link\" href=\"https:\/\/youtu.be\/Zq4-Zu0pa_k?si=6DOpHJAger4ImuPd\"><div class=\"wp-block-getwid-video-popup__wrapper\" style=\"min-height:490px\"><img loading=\"lazy\" decoding=\"async\" width=\"1350\" height=\"591\" src=\"https:\/\/reservasincreibledemo.shop\/booking\/wp-content\/uploads\/sites\/5\/2019\/09\/video.jpg\" alt=\"\" class=\"wp-block-getwid-video-popup__image wp-block-getwid-video-popup__source wp-image-878\" srcset=\"https:\/\/reservasincreibledemo.shop\/booking\/wp-content\/uploads\/sites\/5\/2019\/09\/video.jpg 1350w, https:\/\/reservasincreibledemo.shop\/booking\/wp-content\/uploads\/sites\/5\/2019\/09\/video-300x131.jpg 300w, https:\/\/reservasincreibledemo.shop\/booking\/wp-content\/uploads\/sites\/5\/2019\/09\/video-1024x448.jpg 1024w, https:\/\/reservasincreibledemo.shop\/booking\/wp-content\/uploads\/sites\/5\/2019\/09\/video-768x336.jpg 768w, https:\/\/reservasincreibledemo.shop\/booking\/wp-content\/uploads\/sites\/5\/2019\/09\/video-892x390.jpg 892w, https:\/\/reservasincreibledemo.shop\/booking\/wp-content\/uploads\/sites\/5\/2019\/09\/video-600x263.jpg 600w\" sizes=\"auto, (max-width: 1350px) 100vw, 1350px\" \/><div class=\"wp-block-getwid-video-popup__button is-style-outline is-size-small\" style=\"border-color:#ffffff\"><div class=\"wp-block-getwid-video-popup__icon has-text-color has-white-color has-background has-white-background-color\" style=\"border-color:#ffffff\"><i class=\"fas fa-play\" aria-hidden=\"true\"><\/i><\/div><\/div><\/div><\/a><div class=\"wp-block-getwid-video-popup__caption\"><\/div><\/div>\n<\/div><\/div><\/div><\/div><\/div>\n\n\n\n<div class=\"wp-block-columns has-2-columns is-layout-flex wp-container-core-columns-is-layout-28f84493 wp-block-columns-is-layout-flex\">\n<div class=\"wp-block-column is-layout-flow wp-block-column-is-layout-flow\">\n<div class=\"wp-block-getwid-advanced-heading\" style=\"margin-bottom:40px\"><h2 class=\"wp-block-getwid-advanced-heading__content\">Recuerdos inolvidables logrados a partir de la naturaleza impresionante<\/h2><\/div>\n\n\n\n<div class=\"wp-block-button\"><a class=\"wp-block-button__link wp-element-button\" href=\"#\">Explora m\u00e1s<\/a><\/div>\n\n\n\n<div class=\"wp-block-getwid-advanced-spacer getwid-hide-desktop getwid-hide-tablet\" style=\"height:10px\" aria-hidden=\"true\"><\/div>\n<\/div>\n\n\n\n<div class=\"wp-block-column is-layout-flow wp-block-column-is-layout-flow\">\n<p>Convi\u00e9rtete en parte de una hermosa naturaleza participando en cualquiera de las actividades que tenemos para proponerte. Todas las villas est\u00e1n ubicadas en lugares pintorescos, por lo que la naturaleza en cada lugar es asombrosa.<\/p>\n\n\n\n<p>Ofrecemos una amplia gama de actividades para que cada uno de nuestros visitantes pueda encontrar algo que hayan estado deseando probar durante tanto tiempo. Hay recorridos para quienes se arriesgan y para quienes no lo hacen.<\/p>\n<\/div>\n<\/div>\n\n\n\n<div style=\"height:47px\" aria-hidden=\"true\" class=\"wp-block-spacer\"><\/div>\n\n\n\n<hr class=\"wp-block-separator has-css-opacity is-style-wide\"\/>\n\n\n\n<div class=\"wp-block-getwid-advanced-heading\" style=\"margin-bottom:5px;margin-top:81px\"><h2 class=\"wp-block-getwid-advanced-heading__content\" style=\"text-align:center\"><strong>Actividades mejor valoradas<\/strong><\/h2><\/div>\n\n\n\n<div class=\"wp-block-getwid-advanced-heading\" style=\"margin-bottom:40px\"><span class=\"wp-block-getwid-advanced-heading__content\" style=\"text-align:center\">Eche un vistazo m\u00e1s de cerca a nuestras actividades y decida cu\u00e1l desea experimentar a continuaci\u00f3n.<\/span><\/div>\n\n\n\n<div class=\"wp-block-columns has-4-columns is-layout-flex wp-container-core-columns-is-layout-28f84493 wp-block-columns-is-layout-flex\">\n<div class=\"wp-block-column is-layout-flow wp-block-column-is-layout-flow\">\n<div class=\"wp-block-getwid-banner is-style-shadow-bottom has-foreground-undefined has-animation-style4 has-vertical-alignment-bottom\"><a href=\"#\" class=\"wp-block-getwid-banner__link\"><div class=\"wp-block-getwid-banner__wrapper\"><img loading=\"lazy\" decoding=\"async\" width=\"892\" height=\"1060\" src=\"https:\/\/reservasincreibledemo.shop\/booking\/wp-content\/uploads\/sites\/5\/2019\/09\/helicopter-tour.jpg\" alt=\"\" class=\"wp-block-getwid-banner__image wp-block-getwid-banner__source wp-image-707\" srcset=\"https:\/\/reservasincreibledemo.shop\/booking\/wp-content\/uploads\/sites\/5\/2019\/09\/helicopter-tour.jpg 892w, https:\/\/reservasincreibledemo.shop\/booking\/wp-content\/uploads\/sites\/5\/2019\/09\/helicopter-tour-252x300.jpg 252w, https:\/\/reservasincreibledemo.shop\/booking\/wp-content\/uploads\/sites\/5\/2019\/09\/helicopter-tour-862x1024.jpg 862w, https:\/\/reservasincreibledemo.shop\/booking\/wp-content\/uploads\/sites\/5\/2019\/09\/helicopter-tour-768x913.jpg 768w, https:\/\/reservasincreibledemo.shop\/booking\/wp-content\/uploads\/sites\/5\/2019\/09\/helicopter-tour-600x713.jpg 600w\" sizes=\"auto, (max-width: 892px) 100vw, 892px\" \/><div class=\"wp-block-getwid-banner__caption\" style=\"min-height:315px\"><div class=\"wp-block-getwid-banner__caption-wrapper\"><span class=\"wp-block-getwid-banner__title\">Helicopter Tour<\/span><p class=\"wp-block-getwid-banner__text\">$68 per person<\/p><\/div><\/div><\/div><\/a><\/div>\n\n\n\n<div class=\"wp-block-getwid-banner is-style-shadow-bottom has-foreground-undefined has-animation-style4 has-vertical-alignment-bottom\"><a href=\"#\" class=\"wp-block-getwid-banner__link\"><div class=\"wp-block-getwid-banner__wrapper\"><img loading=\"lazy\" decoding=\"async\" width=\"892\" height=\"1060\" src=\"https:\/\/reservasincreibledemo.shop\/booking\/wp-content\/uploads\/sites\/5\/2019\/09\/skydiving.jpg\" alt=\"\" class=\"wp-block-getwid-banner__image wp-block-getwid-banner__source wp-image-708\" srcset=\"https:\/\/reservasincreibledemo.shop\/booking\/wp-content\/uploads\/sites\/5\/2019\/09\/skydiving.jpg 892w, https:\/\/reservasincreibledemo.shop\/booking\/wp-content\/uploads\/sites\/5\/2019\/09\/skydiving-252x300.jpg 252w, https:\/\/reservasincreibledemo.shop\/booking\/wp-content\/uploads\/sites\/5\/2019\/09\/skydiving-862x1024.jpg 862w, https:\/\/reservasincreibledemo.shop\/booking\/wp-content\/uploads\/sites\/5\/2019\/09\/skydiving-768x913.jpg 768w, https:\/\/reservasincreibledemo.shop\/booking\/wp-content\/uploads\/sites\/5\/2019\/09\/skydiving-600x713.jpg 600w\" sizes=\"auto, (max-width: 892px) 100vw, 892px\" \/><div class=\"wp-block-getwid-banner__caption\" style=\"min-height:315px\"><div class=\"wp-block-getwid-banner__caption-wrapper\"><span class=\"wp-block-getwid-banner__title\">Skydiving<\/span><p class=\"wp-block-getwid-banner__text\">from $65<\/p><\/div><\/div><\/div><\/a><\/div>\n<\/div>\n\n\n\n<div class=\"wp-block-column is-layout-flow wp-block-column-is-layout-flow\">\n<div class=\"wp-block-getwid-banner is-style-shadow-bottom has-foreground-undefined has-animation-style4 has-vertical-alignment-bottom\"><a href=\"#\" class=\"wp-block-getwid-banner__link\"><div class=\"wp-block-getwid-banner__wrapper\"><img loading=\"lazy\" decoding=\"async\" width=\"892\" height=\"1060\" src=\"https:\/\/reservasincreibledemo.shop\/booking\/wp-content\/uploads\/sites\/5\/2019\/09\/yacht-tours.jpg\" alt=\"\" class=\"wp-block-getwid-banner__image wp-block-getwid-banner__source wp-image-710\" srcset=\"https:\/\/reservasincreibledemo.shop\/booking\/wp-content\/uploads\/sites\/5\/2019\/09\/yacht-tours.jpg 892w, https:\/\/reservasincreibledemo.shop\/booking\/wp-content\/uploads\/sites\/5\/2019\/09\/yacht-tours-252x300.jpg 252w, https:\/\/reservasincreibledemo.shop\/booking\/wp-content\/uploads\/sites\/5\/2019\/09\/yacht-tours-862x1024.jpg 862w, https:\/\/reservasincreibledemo.shop\/booking\/wp-content\/uploads\/sites\/5\/2019\/09\/yacht-tours-768x913.jpg 768w, https:\/\/reservasincreibledemo.shop\/booking\/wp-content\/uploads\/sites\/5\/2019\/09\/yacht-tours-600x713.jpg 600w\" sizes=\"auto, (max-width: 892px) 100vw, 892px\" \/><div class=\"wp-block-getwid-banner__caption\" style=\"min-height:315px\"><div class=\"wp-block-getwid-banner__caption-wrapper\"><span class=\"wp-block-getwid-banner__title\">Yacht Tours<\/span><p class=\"wp-block-getwid-banner__text\">from $75<\/p><\/div><\/div><\/div><\/a><\/div>\n\n\n\n<div class=\"wp-block-getwid-banner is-style-shadow-bottom has-foreground-undefined has-animation-style4 has-vertical-alignment-bottom\"><a href=\"#\" class=\"wp-block-getwid-banner__link\"><div class=\"wp-block-getwid-banner__wrapper\"><img loading=\"lazy\" decoding=\"async\" width=\"892\" height=\"1060\" src=\"https:\/\/reservasincreibledemo.shop\/booking\/wp-content\/uploads\/sites\/5\/2019\/09\/food-tours.jpg\" alt=\"\" class=\"wp-block-getwid-banner__image wp-block-getwid-banner__source wp-image-706\" srcset=\"https:\/\/reservasincreibledemo.shop\/booking\/wp-content\/uploads\/sites\/5\/2019\/09\/food-tours.jpg 892w, https:\/\/reservasincreibledemo.shop\/booking\/wp-content\/uploads\/sites\/5\/2019\/09\/food-tours-252x300.jpg 252w, https:\/\/reservasincreibledemo.shop\/booking\/wp-content\/uploads\/sites\/5\/2019\/09\/food-tours-862x1024.jpg 862w, https:\/\/reservasincreibledemo.shop\/booking\/wp-content\/uploads\/sites\/5\/2019\/09\/food-tours-768x913.jpg 768w, https:\/\/reservasincreibledemo.shop\/booking\/wp-content\/uploads\/sites\/5\/2019\/09\/food-tours-600x713.jpg 600w\" sizes=\"auto, (max-width: 892px) 100vw, 892px\" \/><div class=\"wp-block-getwid-banner__caption\" style=\"min-height:315px\"><div class=\"wp-block-getwid-banner__caption-wrapper\"><span class=\"wp-block-getwid-banner__title\">Food Tours<\/span><p class=\"wp-block-getwid-banner__text\">from $35 per person<\/p><\/div><\/div><\/div><\/a><\/div>\n<\/div>\n\n\n\n<div class=\"wp-block-column is-layout-flow wp-block-column-is-layout-flow\">\n<div class=\"wp-block-getwid-banner is-style-shadow-bottom has-foreground-undefined has-animation-style4 has-vertical-alignment-bottom\"><a href=\"#\" class=\"wp-block-getwid-banner__link\"><div class=\"wp-block-getwid-banner__wrapper\"><img loading=\"lazy\" decoding=\"async\" width=\"892\" height=\"1060\" src=\"https:\/\/reservasincreibledemo.shop\/booking\/wp-content\/uploads\/sites\/5\/2019\/09\/surfing-lessons.jpg\" alt=\"\" class=\"wp-block-getwid-banner__image wp-block-getwid-banner__source wp-image-709\" srcset=\"https:\/\/reservasincreibledemo.shop\/booking\/wp-content\/uploads\/sites\/5\/2019\/09\/surfing-lessons.jpg 892w, https:\/\/reservasincreibledemo.shop\/booking\/wp-content\/uploads\/sites\/5\/2019\/09\/surfing-lessons-252x300.jpg 252w, https:\/\/reservasincreibledemo.shop\/booking\/wp-content\/uploads\/sites\/5\/2019\/09\/surfing-lessons-862x1024.jpg 862w, https:\/\/reservasincreibledemo.shop\/booking\/wp-content\/uploads\/sites\/5\/2019\/09\/surfing-lessons-768x913.jpg 768w, https:\/\/reservasincreibledemo.shop\/booking\/wp-content\/uploads\/sites\/5\/2019\/09\/surfing-lessons-600x713.jpg 600w\" sizes=\"auto, (max-width: 892px) 100vw, 892px\" \/><div class=\"wp-block-getwid-banner__caption\" style=\"min-height:315px\"><div class=\"wp-block-getwid-banner__caption-wrapper\"><span class=\"wp-block-getwid-banner__title\">Surfing Lessons<\/span><p class=\"wp-block-getwid-banner__text\"> $25 per person <\/p><\/div><\/div><\/div><\/a><\/div>\n\n\n\n<div class=\"wp-block-getwid-banner is-style-shadow-bottom has-foreground-undefined has-animation-style4 has-vertical-alignment-bottom\"><a href=\"#\" class=\"wp-block-getwid-banner__link\"><div class=\"wp-block-getwid-banner__wrapper\"><img loading=\"lazy\" decoding=\"async\" width=\"892\" height=\"1060\" src=\"https:\/\/reservasincreibledemo.shop\/booking\/wp-content\/uploads\/sites\/5\/2019\/09\/concerts.jpg\" alt=\"\" class=\"wp-block-getwid-banner__image wp-block-getwid-banner__source wp-image-704\" srcset=\"https:\/\/reservasincreibledemo.shop\/booking\/wp-content\/uploads\/sites\/5\/2019\/09\/concerts.jpg 892w, https:\/\/reservasincreibledemo.shop\/booking\/wp-content\/uploads\/sites\/5\/2019\/09\/concerts-252x300.jpg 252w, https:\/\/reservasincreibledemo.shop\/booking\/wp-content\/uploads\/sites\/5\/2019\/09\/concerts-862x1024.jpg 862w, https:\/\/reservasincreibledemo.shop\/booking\/wp-content\/uploads\/sites\/5\/2019\/09\/concerts-768x913.jpg 768w, https:\/\/reservasincreibledemo.shop\/booking\/wp-content\/uploads\/sites\/5\/2019\/09\/concerts-600x713.jpg 600w\" sizes=\"auto, (max-width: 892px) 100vw, 892px\" \/><div class=\"wp-block-getwid-banner__caption\" style=\"min-height:315px\"><div class=\"wp-block-getwid-banner__caption-wrapper\"><span class=\"wp-block-getwid-banner__title\">Concerts<\/span><p class=\"wp-block-getwid-banner__text\">from $45<\/p><\/div><\/div><\/div><\/a><\/div>\n<\/div>\n\n\n\n<div class=\"wp-block-column is-layout-flow wp-block-column-is-layout-flow\">\n<div class=\"wp-block-getwid-banner is-style-shadow-bottom has-foreground-undefined has-animation-style4 has-vertical-alignment-bottom\"><a href=\"#\" class=\"wp-block-getwid-banner__link\"><div class=\"wp-block-getwid-banner__wrapper\"><img loading=\"lazy\" decoding=\"async\" width=\"892\" height=\"1060\" src=\"https:\/\/reservasincreibledemo.shop\/booking\/wp-content\/uploads\/sites\/5\/2019\/09\/specials-4.jpg\" alt=\"\" class=\"wp-block-getwid-banner__image wp-block-getwid-banner__source wp-image-569\" srcset=\"https:\/\/reservasincreibledemo.shop\/booking\/wp-content\/uploads\/sites\/5\/2019\/09\/specials-4.jpg 892w, https:\/\/reservasincreibledemo.shop\/booking\/wp-content\/uploads\/sites\/5\/2019\/09\/specials-4-252x300.jpg 252w, https:\/\/reservasincreibledemo.shop\/booking\/wp-content\/uploads\/sites\/5\/2019\/09\/specials-4-862x1024.jpg 862w, https:\/\/reservasincreibledemo.shop\/booking\/wp-content\/uploads\/sites\/5\/2019\/09\/specials-4-768x913.jpg 768w, https:\/\/reservasincreibledemo.shop\/booking\/wp-content\/uploads\/sites\/5\/2019\/09\/specials-4-600x713.jpg 600w\" sizes=\"auto, (max-width: 892px) 100vw, 892px\" \/><div class=\"wp-block-getwid-banner__caption\" style=\"min-height:315px\"><div class=\"wp-block-getwid-banner__caption-wrapper\"><span class=\"wp-block-getwid-banner__title\">Diving<\/span><p class=\"wp-block-getwid-banner__text\"> $50 per person <\/p><\/div><\/div><\/div><\/a><\/div>\n\n\n\n<div class=\"wp-block-getwid-banner is-style-shadow-bottom has-foreground-undefined has-animation-style4 has-vertical-alignment-bottom\"><a href=\"#\" class=\"wp-block-getwid-banner__link\"><div class=\"wp-block-getwid-banner__wrapper\"><img loading=\"lazy\" decoding=\"async\" width=\"892\" height=\"1060\" src=\"https:\/\/reservasincreibledemo.shop\/booking\/wp-content\/uploads\/sites\/5\/2019\/09\/bike-ride.jpg\" alt=\"\" class=\"wp-block-getwid-banner__image wp-block-getwid-banner__source wp-image-703\" srcset=\"https:\/\/reservasincreibledemo.shop\/booking\/wp-content\/uploads\/sites\/5\/2019\/09\/bike-ride.jpg 892w, https:\/\/reservasincreibledemo.shop\/booking\/wp-content\/uploads\/sites\/5\/2019\/09\/bike-ride-252x300.jpg 252w, https:\/\/reservasincreibledemo.shop\/booking\/wp-content\/uploads\/sites\/5\/2019\/09\/bike-ride-862x1024.jpg 862w, https:\/\/reservasincreibledemo.shop\/booking\/wp-content\/uploads\/sites\/5\/2019\/09\/bike-ride-768x913.jpg 768w, https:\/\/reservasincreibledemo.shop\/booking\/wp-content\/uploads\/sites\/5\/2019\/09\/bike-ride-600x713.jpg 600w\" sizes=\"auto, (max-width: 892px) 100vw, 892px\" \/><div class=\"wp-block-getwid-banner__caption\" style=\"min-height:315px\"><div class=\"wp-block-getwid-banner__caption-wrapper\"><span class=\"wp-block-getwid-banner__title\">Bike Ride<\/span><p class=\"wp-block-getwid-banner__text\"> $20 per person <\/p><\/div><\/div><\/div><\/a><\/div>\n<\/div>\n<\/div>\n\n\n\n<div style=\"height:50px\" aria-hidden=\"true\" class=\"wp-block-spacer\"><\/div>\n\n\n\n<div class=\"wp-block-columns has-2-columns is-layout-flex wp-container-core-columns-is-layout-28f84493 wp-block-columns-is-layout-flex\">\n<div class=\"wp-block-column is-layout-flow wp-block-column-is-layout-flow\">\n<div class=\"wp-block-getwid-section is-style-with-shadow\"><div class=\"wp-block-getwid-section__wrapper getwid-padding-top-medium getwid-padding-bottom-medium getwid-padding-left-medium getwid-padding-right-medium\"><div class=\"wp-block-getwid-section__inner-wrapper\"><div class=\"wp-block-getwid-section__background-holder\"><div class=\"wp-block-getwid-section__background has-background has-white-background-color\"><\/div><div class=\"wp-block-getwid-section__foreground\"><\/div><\/div><div class=\"wp-block-getwid-section__content\"><div class=\"wp-block-getwid-section__inner-content\">\n<div class=\"wp-block-getwid-image-box has-image-left has-text-left has-mobile-layout-default has-mobile-alignment-default\"><div class=\"wp-block-getwid-image-box__image-container is-position-middle\"><div class=\"wp-block-getwid-image-box__image-wrapper\"><img loading=\"lazy\" decoding=\"async\" width=\"66\" height=\"64\" src=\"https:\/\/reservasincreibledemo.shop\/booking\/wp-content\/uploads\/sites\/5\/2019\/09\/trustsafety1.png\" alt=\"\" class=\"wp-block-getwid-image-box__image wp-image-841\"\/><\/div><\/div><div class=\"wp-block-getwid-image-box__content\">\n<h4 class=\"wp-block-heading\">Garant\u00eda de devoluci\u00f3n de dinero<\/h4>\n\n\n\n<p class=\"has-small-font-size\">Si te niegas a tomar un tour reservado, te devolveremos el dinero.<\/p>\n<\/div><\/div>\n<\/div><\/div><\/div><\/div><\/div>\n<\/div>\n\n\n\n<div class=\"wp-block-column is-layout-flow wp-block-column-is-layout-flow\">\n<div class=\"wp-block-getwid-section is-style-with-shadow\"><div class=\"wp-block-getwid-section__wrapper getwid-padding-top-medium getwid-padding-bottom-medium getwid-padding-left-medium getwid-padding-right-medium\"><div class=\"wp-block-getwid-section__inner-wrapper\"><div class=\"wp-block-getwid-section__background-holder\"><div class=\"wp-block-getwid-section__background has-background has-white-background-color\"><\/div><div class=\"wp-block-getwid-section__foreground\"><\/div><\/div><div class=\"wp-block-getwid-section__content\"><div class=\"wp-block-getwid-section__inner-content\">\n<div class=\"wp-block-getwid-image-box has-image-left has-text-left has-mobile-layout-default has-mobile-alignment-default\"><div class=\"wp-block-getwid-image-box__image-container is-position-middle\"><div class=\"wp-block-getwid-image-box__image-wrapper\"><img loading=\"lazy\" decoding=\"async\" width=\"64\" height=\"64\" src=\"https:\/\/reservasincreibledemo.shop\/booking\/wp-content\/uploads\/sites\/5\/2019\/09\/warranty-and-return.png\" alt=\"\" class=\"wp-block-getwid-image-box__image wp-image-715\"\/><\/div><\/div><div class=\"wp-block-getwid-image-box__content\">\n<h4 class=\"wp-block-heading\">Garant\u00eda y Devoluci\u00f3n<\/h4>\n\n\n\n<p class=\"has-small-font-size\">Su equipaje estar\u00e1 guardado de forma segura por nosotros bajo el control m\u00e1s estricto.<\/p>\n<\/div><\/div>\n<\/div><\/div><\/div><\/div><\/div>\n<\/div>\n<\/div>\n","protected":false},"excerpt":{"rendered":"<p>From secluded speakeasies to desert drives, learn new skills and immerse yourself in local culture. Every experience is vetted for quality, and you don\u2019t need to book a home to take one.<\/p>\n","protected":false},"author":1,"featured_media":0,"parent":0,"menu_order":0,"comment_status":"closed","ping_status":"closed","template":"template-wide-page.php","meta":{"inline_featured_image":false,"footnotes":""},"class_list":["post-689","page","type-page","status-publish","hentry"],"_links":{"self":[{"href":"https:\/\/reservasincreibledemo.shop\/booking\/wp-json\/wp\/v2\/pages\/689","targetHints":{"allow":["GET"]}}],"collection":[{"href":"https:\/\/reservasincreibledemo.shop\/booking\/wp-json\/wp\/v2\/pages"}],"about":[{"href":"https:\/\/reservasincreibledemo.shop\/booking\/wp-json\/wp\/v2\/types\/page"}],"author":[{"embeddable":true,"href":"https:\/\/reservasincreibledemo.shop\/booking\/wp-json\/wp\/v2\/users\/1"}],"replies":[{"embeddable":true,"href":"https:\/\/reservasincreibledemo.shop\/booking\/wp-json\/wp\/v2\/comments?post=689"}],"version-history":[{"count":3,"href":"https:\/\/reservasincreibledemo.shop\/booking\/wp-json\/wp\/v2\/pages\/689\/revisions"}],"predecessor-version":[{"id":1215,"href":"https:\/\/reservasincreibledemo.shop\/booking\/wp-json\/wp\/v2\/pages\/689\/revisions\/1215"}],"wp:attachment":[{"href":"https:\/\/reservasincreibledemo.shop\/booking\/wp-json\/wp\/v2\/media?parent=689"}],"curies":[{"name":"wp","href":"https:\/\/api.w.org\/{rel}","templated":true}]}}