{"id":1033,"date":"2019-06-11T09:50:44","date_gmt":"2019-06-11T09:50:44","guid":{"rendered":"https:\/\/themes.getmotopress.com\/luviana\/?page_id=13"},"modified":"2024-05-02T21:42:22","modified_gmt":"2024-05-02T19:42:22","slug":"santorini","status":"publish","type":"page","link":"https:\/\/reservasincreibledemo.shop\/resort\/home\/santorini\/","title":{"rendered":"Visita Incre\u00edble"},"content":{"rendered":"\n<p>Nuestros Hotels &amp; Resorts siguen siendo l\u00edderes mundiales en hoteler\u00eda elegantes, modernos y con visi\u00f3n de futuro, y ayudamos a que viajar sea m\u00e1s f\u00e1cil con nuestro dise\u00f1o inteligente, conceptos de restaurantes innovadores, actividades \u00fanicas, naturaleza y hospitalidad aut\u00e9ntica.<\/p>\n\n\n\n<!--more-->\n\n\n\n<div class=\"wp-block-getwid-section alignfull alignfull getwid-margin-top-none getwid-margin-bottom-none\"><div class=\"wp-block-getwid-section__wrapper getwid-padding-top-medium getwid-padding-bottom-none getwid-padding-left-medium getwid-padding-right-medium getwid-padding-mobile-left-small getwid-padding-mobile-right-small\"><div class=\"wp-block-getwid-section__inner-wrapper\"><div class=\"wp-block-getwid-section__background-holder\"><div class=\"wp-block-getwid-section__background\"><\/div><div class=\"wp-block-getwid-section__foreground\"><\/div><\/div><div class=\"wp-block-getwid-section__content\"><div class=\"wp-block-getwid-section__inner-content\">\n<div class=\"wp-block-columns has-2-columns is-layout-flex wp-container-core-columns-is-layout-9d6595d7 wp-block-columns-is-layout-flex\">\n<div class=\"wp-block-column is-layout-flow wp-block-column-is-layout-flow\">\n<div class=\"wp-block-getwid-advanced-heading is-style-style-1 has-custom-font-size\" style=\"font-size:12px;margin-bottom:20px\"><p class=\"wp-block-getwid-advanced-heading__content\" style=\"letter-spacing:1px\">ELEVANDO EL CONFORT AL M\u00c1S ALTO NIVEL<\/p><\/div>\n\n\n\n<div class=\"wp-block-getwid-advanced-heading is-style-default\"><h2 class=\"wp-block-getwid-advanced-heading__content\">Bienvenidos al Hotel Luviana<\/h2><\/div>\n<\/div>\n\n\n\n<div class=\"wp-block-column is-layout-flow wp-block-column-is-layout-flow\">\n<p>Es un hotel peque\u00f1o y confortable. Nuestro personal ofrece un servicio atento y de alta calidad y siempre est\u00e1 dispuesto a ofrecer cualquier ayuda a los hu\u00e9spedes.<\/p>\n\n\n\n<p>El hotel est\u00e1 distribuido en tres plantas. En la planta baja, adem\u00e1s de la recepci\u00f3n, hay un c\u00f3modo sal\u00f3n donde sentarse a tomar un t\u00e9 o simplemente leer. <\/p>\n\n\n\n<p>Tambi\u00e9n hay una espl\u00e9ndida terraza, donde podr\u00e1 relajarse y sumergirse en la pr\u00f3xima ma\u00f1ana de un nuevo d\u00eda maravilloso en la atm\u00f3sfera de la vida cotidiana veneciana, observar el bullicio de la ciudad y la gente que se re\u00fane y cuyas conversaciones llenan todas las calles y callejones. Hay una incre\u00edble fusi\u00f3n de calma y tranquilidad en el hotel con el bullicio y el ruido exterior.<\/p>\n<\/div>\n<\/div>\n\n\n\n<div style=\"height:50px\" aria-hidden=\"true\" class=\"wp-block-spacer\"><\/div>\n\n\n\n<div class=\"wp-block-columns has-2-columns is-layout-flex wp-container-core-columns-is-layout-9d6595d7 wp-block-columns-is-layout-flex\">\n<div class=\"wp-block-column is-layout-flow wp-block-column-is-layout-flow\">\n<figure class=\"wp-block-image\"><img loading=\"lazy\" decoding=\"async\" width=\"1024\" height=\"1024\" src=\"https:\/\/themes.getmotopress.com\/luviana\/wp-content\/uploads\/sites\/27\/2019\/07\/welcome-1-1-1024x1024.jpg\" alt=\"\" class=\"wp-image-479\" srcset=\"https:\/\/reservasincreibledemo.shop\/resort\/wp-content\/uploads\/sites\/23\/2019\/07\/welcome-1-1-1024x1024.jpg 1024w, https:\/\/reservasincreibledemo.shop\/resort\/wp-content\/uploads\/sites\/23\/2019\/07\/welcome-1-1-300x300.jpg 300w, https:\/\/reservasincreibledemo.shop\/resort\/wp-content\/uploads\/sites\/23\/2019\/07\/welcome-1-1-150x150.jpg 150w, https:\/\/reservasincreibledemo.shop\/resort\/wp-content\/uploads\/sites\/23\/2019\/07\/welcome-1-1-768x768.jpg 768w, https:\/\/reservasincreibledemo.shop\/resort\/wp-content\/uploads\/sites\/23\/2019\/07\/welcome-1-1-1536x1536.jpg 1536w, https:\/\/reservasincreibledemo.shop\/resort\/wp-content\/uploads\/sites\/23\/2019\/07\/welcome-1-1-1170x1170.jpg 1170w, https:\/\/reservasincreibledemo.shop\/resort\/wp-content\/uploads\/sites\/23\/2019\/07\/welcome-1-1-992x992.jpg 992w, https:\/\/reservasincreibledemo.shop\/resort\/wp-content\/uploads\/sites\/23\/2019\/07\/welcome-1-1-600x600.jpg 600w, https:\/\/reservasincreibledemo.shop\/resort\/wp-content\/uploads\/sites\/23\/2019\/07\/welcome-1-1-100x100.jpg 100w, https:\/\/reservasincreibledemo.shop\/resort\/wp-content\/uploads\/sites\/23\/2019\/07\/welcome-1-1.jpg 1600w\" sizes=\"auto, (max-width: 1024px) 100vw, 1024px\" \/><\/figure>\n<\/div>\n\n\n\n<div class=\"wp-block-column is-layout-flow wp-block-column-is-layout-flow\">\n<figure class=\"wp-block-image\"><img loading=\"lazy\" decoding=\"async\" width=\"1024\" height=\"1024\" src=\"https:\/\/themes.getmotopress.com\/luviana\/wp-content\/uploads\/sites\/27\/2019\/07\/welcome-2-1-1024x1024.jpg\" alt=\"\" class=\"wp-image-480\" srcset=\"https:\/\/reservasincreibledemo.shop\/resort\/wp-content\/uploads\/sites\/23\/2019\/07\/welcome-2-1-1024x1024.jpg 1024w, https:\/\/reservasincreibledemo.shop\/resort\/wp-content\/uploads\/sites\/23\/2019\/07\/welcome-2-1-300x300.jpg 300w, https:\/\/reservasincreibledemo.shop\/resort\/wp-content\/uploads\/sites\/23\/2019\/07\/welcome-2-1-150x150.jpg 150w, https:\/\/reservasincreibledemo.shop\/resort\/wp-content\/uploads\/sites\/23\/2019\/07\/welcome-2-1-768x768.jpg 768w, https:\/\/reservasincreibledemo.shop\/resort\/wp-content\/uploads\/sites\/23\/2019\/07\/welcome-2-1-1536x1536.jpg 1536w, https:\/\/reservasincreibledemo.shop\/resort\/wp-content\/uploads\/sites\/23\/2019\/07\/welcome-2-1-1170x1170.jpg 1170w, https:\/\/reservasincreibledemo.shop\/resort\/wp-content\/uploads\/sites\/23\/2019\/07\/welcome-2-1-992x992.jpg 992w, https:\/\/reservasincreibledemo.shop\/resort\/wp-content\/uploads\/sites\/23\/2019\/07\/welcome-2-1-600x600.jpg 600w, https:\/\/reservasincreibledemo.shop\/resort\/wp-content\/uploads\/sites\/23\/2019\/07\/welcome-2-1-100x100.jpg 100w, https:\/\/reservasincreibledemo.shop\/resort\/wp-content\/uploads\/sites\/23\/2019\/07\/welcome-2-1.jpg 1600w\" sizes=\"auto, (max-width: 1024px) 100vw, 1024px\" \/><\/figure>\n<\/div>\n<\/div>\n<\/div><\/div><\/div><\/div><\/div>\n","protected":false},"excerpt":{"rendered":"<p>El Hotel Luviana es la elecci\u00f3n correcta para los visitantes que buscan una combinaci\u00f3n de encanto, paz, tranquilidad y una ubicaci\u00f3n conveniente desde donde explorar los alrededores.<\/p>\n","protected":false},"author":1,"featured_media":388,"parent":1032,"menu_order":0,"comment_status":"closed","ping_status":"closed","template":"","meta":{"inline_featured_image":false,"footnotes":""},"class_list":["post-1033","page","type-page","status-publish","has-post-thumbnail","hentry"],"_links":{"self":[{"href":"https:\/\/reservasincreibledemo.shop\/resort\/wp-json\/wp\/v2\/pages\/1033","targetHints":{"allow":["GET"]}}],"collection":[{"href":"https:\/\/reservasincreibledemo.shop\/resort\/wp-json\/wp\/v2\/pages"}],"about":[{"href":"https:\/\/reservasincreibledemo.shop\/resort\/wp-json\/wp\/v2\/types\/page"}],"author":[{"embeddable":true,"href":"https:\/\/reservasincreibledemo.shop\/resort\/wp-json\/wp\/v2\/users\/1"}],"replies":[{"embeddable":true,"href":"https:\/\/reservasincreibledemo.shop\/resort\/wp-json\/wp\/v2\/comments?post=1033"}],"version-history":[{"count":1,"href":"https:\/\/reservasincreibledemo.shop\/resort\/wp-json\/wp\/v2\/pages\/1033\/revisions"}],"predecessor-version":[{"id":1069,"href":"https:\/\/reservasincreibledemo.shop\/resort\/wp-json\/wp\/v2\/pages\/1033\/revisions\/1069"}],"up":[{"embeddable":true,"href":"https:\/\/reservasincreibledemo.shop\/resort\/wp-json\/wp\/v2\/pages\/1032"}],"wp:featuredmedia":[{"embeddable":true,"href":"https:\/\/reservasincreibledemo.shop\/resort\/wp-json\/wp\/v2\/media\/388"}],"wp:attachment":[{"href":"https:\/\/reservasincreibledemo.shop\/resort\/wp-json\/wp\/v2\/media?parent=1033"}],"curies":[{"name":"wp","href":"https:\/\/api.w.org\/{rel}","templated":true}]}}